{"id":506,"date":"2025-06-29T10:35:14","date_gmt":"2025-06-29T09:35:14","guid":{"rendered":"https:\/\/psziche.eu\/?page_id=506"},"modified":"2025-12-22T18:56:41","modified_gmt":"2025-12-22T17:56:41","slug":"media","status":"publish","type":"page","link":"https:\/\/psziche.eu\/?page_id=506","title":{"rendered":"M\u00e9dia"},"content":{"rendered":"\t\t<div data-elementor-type=\"wp-page\" data-elementor-id=\"506\" class=\"elementor elementor-506\">\n\t\t\t\t\t\t<section class=\"elementor-section elementor-top-section elementor-element elementor-element-nk41rxm elementor-section-boxed elementor-section-height-default elementor-section-height-default\" data-id=\"nk41rxm\" data-element_type=\"section\">\n\t\t\t\t\t\t<div class=\"elementor-container elementor-column-gap-no\">\n\t\t\t\t\t<div class=\"elementor-column elementor-col-100 elementor-top-column elementor-element elementor-element-17a7be6\" data-id=\"17a7be6\" data-element_type=\"column\">\n\t\t\t<div class=\"elementor-widget-wrap elementor-element-populated\">\n\t\t\t\t\t\t<div class=\"elementor-element elementor-element-31ebd81 elementor-widget-mobile__width-initial elementor-widget elementor-widget-heading\" data-id=\"31ebd81\" data-element_type=\"widget\" data-widget_type=\"heading.default\">\n\t\t\t\t<div class=\"elementor-widget-container\">\n\t\t\t\t\t<h2 class=\"elementor-heading-title elementor-size-default\">\u00cdr\u00e1sok, m\u00e9diamegjelen\u00e9sek:<\/h2>\t\t\t\t<\/div>\n\t\t\t\t<\/div>\n\t\t\t\t<div class=\"elementor-element elementor-element-2be3a56 elementor-widget__width-initial elementor-widget-mobile__width-initial elementor-widget elementor-widget-image\" data-id=\"2be3a56\" data-element_type=\"widget\" data-widget_type=\"image.default\">\n\t\t\t\t<div class=\"elementor-widget-container\">\n\t\t\t\t\t\t\t\t\t\t\t\t<figure class=\"wp-caption\">\n\t\t\t\t\t\t\t\t\t\t\t<a href=\"https:\/\/www.klubradio.hu\/archivum\/y-galavits-patrik-generacios-musora-2019-december-12-csutortok-1500-7660\" target=\"_blank\">\n\t\t\t\t\t\t\t<img decoding=\"async\" width=\"150\" height=\"100\" src=\"https:\/\/psziche.eu\/wp-content\/uploads\/2025\/12\/laptop-7978588_150-7978588.jpg\" class=\"attachment-large size-large wp-image-825\" alt=\"laptop, conference table, mouse, work, business, online, remote, microphone, podcast, podcast, podcast, podcast, podcast, podcast\" \/>\t\t\t\t\t\t\t\t<\/a>\n\t\t\t\t\t\t\t\t\t\t\t<figcaption class=\"widget-image-caption wp-caption-text\">Egy interj\u00fa az \u00e9letszakaszv\u00e1ls\u00e1gokr\u00f3l \u2013 Klubr\u00e1di\u00f3<\/figcaption>\n\t\t\t\t\t\t\t\t\t\t<\/figure>\n\t\t\t\t\t\t\t\t\t<\/div>\n\t\t\t\t<\/div>\n\t\t\t\t<div class=\"elementor-element elementor-element-42d2518 elementor-widget__width-initial elementor-widget-mobile__width-initial elementor-widget elementor-widget-image\" data-id=\"42d2518\" data-element_type=\"widget\" data-widget_type=\"image.default\">\n\t\t\t\t<div class=\"elementor-widget-container\">\n\t\t\t\t\t\t\t\t\t\t\t\t<figure class=\"wp-caption\">\n\t\t\t\t\t\t\t\t\t\t\t<a href=\"https:\/\/rtl.hu\/reggeli\/2023\/09\/21\/simon-zoltan-pszichologus-kapunyitasi-panik\" target=\"_blank\">\n\t\t\t\t\t\t\t<img fetchpriority=\"high\" decoding=\"async\" width=\"250\" height=\"250\" src=\"https:\/\/psziche.eu\/wp-content\/uploads\/2025\/12\/gallery1-free-img.jpg\" class=\"attachment-large size-large wp-image-739\" alt=\"\" srcset=\"https:\/\/psziche.eu\/wp-content\/uploads\/2025\/12\/gallery1-free-img.jpg 250w, https:\/\/psziche.eu\/wp-content\/uploads\/2025\/12\/gallery1-free-img-150x150.jpg 150w, https:\/\/psziche.eu\/wp-content\/uploads\/2025\/12\/gallery1-free-img-144x144.jpg 144w\" sizes=\"(max-width: 250px) 100vw, 250px\" \/>\t\t\t\t\t\t\t\t<\/a>\n\t\t\t\t\t\t\t\t\t\t\t<figcaption class=\"widget-image-caption wp-caption-text\"> R\u00f6vid besz\u00e9lget\u00e9s az RTL Klubban \u2013 Kapunyit\u00e1si p\u00e1nik <p> (vide\u00f3 hossza: kb. 5 perc)<\/figcaption>\n\t\t\t\t\t\t\t\t\t\t<\/figure>\n\t\t\t\t\t\t\t\t\t<\/div>\n\t\t\t\t<\/div>\n\t\t\t\t<div class=\"elementor-element elementor-element-db26156 elementor-widget__width-initial elementor-widget-mobile__width-initial elementor-widget elementor-widget-image\" data-id=\"db26156\" data-element_type=\"widget\" data-widget_type=\"image.default\">\n\t\t\t\t<div class=\"elementor-widget-container\">\n\t\t\t\t\t\t\t\t\t\t\t\t<figure class=\"wp-caption\">\n\t\t\t\t\t\t\t\t\t\t\t<a href=\"https:\/\/www.klubradio.hu\/archivum\/otos-szalai-krisztaval-es-epres-attilaval-2024-aprilis-03-szerda-1005-40134\" target=\"_blank\">\n\t\t\t\t\t\t\t<img decoding=\"async\" width=\"1024\" height=\"683\" src=\"https:\/\/psziche.eu\/wp-content\/uploads\/2025\/12\/pexels-photo-270288-270288-1024x683.jpg\" class=\"attachment-large size-large wp-image-827\" alt=\"Close-up of two professional microphones in a recording studio, ideal for podcasts and music production.\" srcset=\"https:\/\/psziche.eu\/wp-content\/uploads\/2025\/12\/pexels-photo-270288-270288-1024x683.jpg 1024w, https:\/\/psziche.eu\/wp-content\/uploads\/2025\/12\/pexels-photo-270288-270288-300x200.jpg 300w, https:\/\/psziche.eu\/wp-content\/uploads\/2025\/12\/pexels-photo-270288-270288-768x512.jpg 768w, https:\/\/psziche.eu\/wp-content\/uploads\/2025\/12\/pexels-photo-270288-270288-1536x1024.jpg 1536w, https:\/\/psziche.eu\/wp-content\/uploads\/2025\/12\/pexels-photo-270288-270288-2048x1365.jpg 2048w\" sizes=\"(max-width: 1024px) 100vw, 1024px\" \/>\t\t\t\t\t\t\t\t<\/a>\n\t\t\t\t\t\t\t\t\t\t\t<figcaption class=\"widget-image-caption wp-caption-text\">Besz\u00e9lget\u00e9s az intelligenci\u00e1r\u00f3l \u2013 Klubr\u00e1di\u00f3<\/figcaption>\n\t\t\t\t\t\t\t\t\t\t<\/figure>\n\t\t\t\t\t\t\t\t\t<\/div>\n\t\t\t\t<\/div>\n\t\t\t\t<div class=\"elementor-element elementor-element-0f28d12 elementor-widget__width-initial elementor-widget-mobile__width-initial elementor-widget elementor-widget-image\" data-id=\"0f28d12\" data-element_type=\"widget\" data-widget_type=\"image.default\">\n\t\t\t\t<div class=\"elementor-widget-container\">\n\t\t\t\t\t\t\t\t\t\t\t\t<figure class=\"wp-caption\">\n\t\t\t\t\t\t\t\t\t\t\t<a href=\"http:\/\/psziche.eu\/wp-content\/uploads\/2025\/06\/kapuzarasi-panik-csodalatos.pdf\" target=\"_blank\">\n\t\t\t\t\t\t\t<img loading=\"lazy\" decoding=\"async\" width=\"1024\" height=\"683\" src=\"https:\/\/psziche.eu\/wp-content\/uploads\/2025\/12\/pexels-photo-210661-210661-1024x683.jpg\" class=\"attachment-large size-large wp-image-828\" alt=\"Close-up of hand writing in notebook using a blue pen, focus on creativity.\" srcset=\"https:\/\/psziche.eu\/wp-content\/uploads\/2025\/12\/pexels-photo-210661-210661-1024x683.jpg 1024w, https:\/\/psziche.eu\/wp-content\/uploads\/2025\/12\/pexels-photo-210661-210661-300x200.jpg 300w, https:\/\/psziche.eu\/wp-content\/uploads\/2025\/12\/pexels-photo-210661-210661-768x512.jpg 768w, https:\/\/psziche.eu\/wp-content\/uploads\/2025\/12\/pexels-photo-210661-210661-1536x1024.jpg 1536w, https:\/\/psziche.eu\/wp-content\/uploads\/2025\/12\/pexels-photo-210661-210661-2048x1365.jpg 2048w\" sizes=\"(max-width: 1024px) 100vw, 1024px\" \/>\t\t\t\t\t\t\t\t<\/a>\n\t\t\t\t\t\t\t\t\t\t\t<figcaption class=\"widget-image-caption wp-caption-text\">A kapuz\u00e1r\u00e1si p\u00e1nik csod\u00e1latos! <p>  Egy \u00edr\u00e1s a  v\u00e1ltoz\u00e1sr\u00f3l, b\u00e1tors\u00e1gr\u00f3l \u00e9s a bels\u0151 korl\u00e1tok led\u00f6nt\u00e9s\u00e9r\u0151l. (olvas\u00e1si id\u0151: 2-3 perc)<\/figcaption>\n\t\t\t\t\t\t\t\t\t\t<\/figure>\n\t\t\t\t\t\t\t\t\t<\/div>\n\t\t\t\t<\/div>\n\t\t\t\t<div class=\"elementor-element elementor-element-470c2b2 elementor-widget__width-initial elementor-widget-mobile__width-initial elementor-widget elementor-widget-image\" data-id=\"470c2b2\" data-element_type=\"widget\" data-widget_type=\"image.default\">\n\t\t\t\t<div class=\"elementor-widget-container\">\n\t\t\t\t\t\t\t\t\t\t\t\t<figure class=\"wp-caption\">\n\t\t\t\t\t\t\t\t\t\t\t<a href=\"http:\/\/psziche.eu\/wp-content\/uploads\/2025\/07\/lathatatlan-terhek.pdf\" target=\"_blank\">\n\t\t\t\t\t\t\t<img loading=\"lazy\" decoding=\"async\" width=\"1024\" height=\"683\" src=\"https:\/\/psziche.eu\/wp-content\/uploads\/2025\/12\/pexels-photo-952594-952594-1024x683.jpg\" class=\"attachment-large size-large wp-image-833\" alt=\"Detailed close-up of a vintage typewriter keyboard in black and white.\" srcset=\"https:\/\/psziche.eu\/wp-content\/uploads\/2025\/12\/pexels-photo-952594-952594-1024x683.jpg 1024w, https:\/\/psziche.eu\/wp-content\/uploads\/2025\/12\/pexels-photo-952594-952594-300x200.jpg 300w, https:\/\/psziche.eu\/wp-content\/uploads\/2025\/12\/pexels-photo-952594-952594-768x512.jpg 768w, https:\/\/psziche.eu\/wp-content\/uploads\/2025\/12\/pexels-photo-952594-952594-1536x1024.jpg 1536w, https:\/\/psziche.eu\/wp-content\/uploads\/2025\/12\/pexels-photo-952594-952594-2048x1365.jpg 2048w\" sizes=\"(max-width: 1024px) 100vw, 1024px\" \/>\t\t\t\t\t\t\t\t<\/a>\n\t\t\t\t\t\t\t\t\t\t\t<figcaption class=\"widget-image-caption wp-caption-text\">L\u00e1thatatlan terhek \u2013 mi\u00e9rt t\u0171nnek a n\u0151k idegesnek? Egy \u00edr\u00e1s a figyelmi munkamegoszt\u00e1s rejtett egyenl\u0151tlens\u00e9geir\u0151l. <p> (olvas\u00e1si id\u0151: 4-5 perc)<\/figcaption>\n\t\t\t\t\t\t\t\t\t\t<\/figure>\n\t\t\t\t\t\t\t\t\t<\/div>\n\t\t\t\t<\/div>\n\t\t\t\t\t<\/div>\n\t\t<\/div>\n\t\t\t\t\t<\/div>\n\t\t<\/section>\n\t\t\t\t<\/div>\n\t\t","protected":false},"excerpt":{"rendered":"<p>\u00cdr\u00e1sok, m\u00e9diamegjelen\u00e9sek: Egy interj\u00fa az \u00e9letszakaszv\u00e1ls\u00e1gokr\u00f3l \u2013 Klubr\u00e1di\u00f3 R\u00f6vid besz\u00e9lget\u00e9s az RTL Klubban \u2013 Kapunyit\u00e1si p\u00e1nik (vide\u00f3 hossza: kb. 5 [&hellip;]<\/p>\n","protected":false},"author":2,"featured_media":0,"parent":0,"menu_order":0,"comment_status":"closed","ping_status":"closed","template":"","meta":{"site-sidebar-layout":"default","site-content-layout":"","ast-site-content-layout":"default","site-content-style":"default","site-sidebar-style":"default","ast-global-header-display":"","ast-banner-title-visibility":"","ast-main-header-display":"","ast-hfb-above-header-display":"","ast-hfb-below-header-display":"","ast-hfb-mobile-header-display":"","site-post-title":"disabled","ast-breadcrumbs-content":"","ast-featured-img":"","footer-sml-layout":"","ast-disable-related-posts":"","theme-transparent-header-meta":"","adv-header-id-meta":"","stick-header-meta":"","header-above-stick-meta":"","header-main-stick-meta":"","header-below-stick-meta":"","astra-migrate-meta-layouts":"default","ast-page-background-enabled":"default","ast-page-background-meta":{"desktop":{"background-color":"var(--ast-global-color-5)","background-image":"","background-repeat":"repeat","background-position":"center center","background-size":"auto","background-attachment":"scroll","background-type":"","background-media":"","overlay-type":"","overlay-color":"","overlay-opacity":"","overlay-gradient":""},"tablet":{"background-color":"","background-image":"","background-repeat":"repeat","background-position":"center center","background-size":"auto","background-attachment":"scroll","background-type":"","background-media":"","overlay-type":"","overlay-color":"","overlay-opacity":"","overlay-gradient":""},"mobile":{"background-color":"","background-image":"","background-repeat":"repeat","background-position":"center center","background-size":"auto","background-attachment":"scroll","background-type":"","background-media":"","overlay-type":"","overlay-color":"","overlay-opacity":"","overlay-gradient":""}},"ast-content-background-meta":{"desktop":{"background-color":"var(--ast-global-color-4)","background-image":"","background-repeat":"repeat","background-position":"center center","background-size":"auto","background-attachment":"scroll","background-type":"","background-media":"","overlay-type":"","overlay-color":"","overlay-opacity":"","overlay-gradient":""},"tablet":{"background-color":"var(--ast-global-color-4)","background-image":"","background-repeat":"repeat","background-position":"center center","background-size":"auto","background-attachment":"scroll","background-type":"","background-media":"","overlay-type":"","overlay-color":"","overlay-opacity":"","overlay-gradient":""},"mobile":{"background-color":"var(--ast-global-color-4)","background-image":"","background-repeat":"repeat","background-position":"center center","background-size":"auto","background-attachment":"scroll","background-type":"","background-media":"","overlay-type":"","overlay-color":"","overlay-opacity":"","overlay-gradient":""}},"footnotes":""},"class_list":["post-506","page","type-page","status-publish","hentry"],"_links":{"self":[{"href":"https:\/\/psziche.eu\/index.php?rest_route=\/wp\/v2\/pages\/506","targetHints":{"allow":["GET"]}}],"collection":[{"href":"https:\/\/psziche.eu\/index.php?rest_route=\/wp\/v2\/pages"}],"about":[{"href":"https:\/\/psziche.eu\/index.php?rest_route=\/wp\/v2\/types\/page"}],"author":[{"embeddable":true,"href":"https:\/\/psziche.eu\/index.php?rest_route=\/wp\/v2\/users\/2"}],"replies":[{"embeddable":true,"href":"https:\/\/psziche.eu\/index.php?rest_route=%2Fwp%2Fv2%2Fcomments&post=506"}],"version-history":[{"count":107,"href":"https:\/\/psziche.eu\/index.php?rest_route=\/wp\/v2\/pages\/506\/revisions"}],"predecessor-version":[{"id":893,"href":"https:\/\/psziche.eu\/index.php?rest_route=\/wp\/v2\/pages\/506\/revisions\/893"}],"wp:attachment":[{"href":"https:\/\/psziche.eu\/index.php?rest_route=%2Fwp%2Fv2%2Fmedia&parent=506"}],"curies":[{"name":"wp","href":"https:\/\/api.w.org\/{rel}","templated":true}]}}